{"id":2,"date":"2016-05-10T03:48:21","date_gmt":"2016-05-10T03:48:21","guid":{"rendered":"https:\/\/beta.foyerscadieux.com\/?page_id=2"},"modified":"2022-05-20T15:04:47","modified_gmt":"2022-05-20T19:04:47","slug":"sample-page","status":"publish","type":"page","link":"https:\/\/foyerscadieux.com\/fr\/","title":{"rendered":"Page d&rsquo;accueil"},"content":{"rendered":"<div class=\"wpb-content-wrapper\"><p>[vc_row el_class=\u00a0\u00bbtopcontainer-home x-semi-infinite parralax-bg-video\u00a0\u00bb][vc_column][vc_raw_html]JTVCYWRkX3ZpZGVvX2JnJTIwc3JjJTNEJTIyZmlyZXBsYWNlLm1wNCUyMiU1RA==[\/vc_raw_html][vc_column_text]<\/p>\n<p class=\"home-title\"><span style=\"color: #000000;\">Foyers Cadieux <\/span>Cr\u00e9ateurs d&rsquo;ambiance depuis 1974<\/p>\n<p>[\/vc_column_text][vc_raw_html el_class=\u00a0\u00bbtopheader-icons-bg\u00a0\u00bb]JTNDZGl2JTIwY2xhc3MlM0QlMjJ0b3BoZWFkZXItaWNvbnMlMjByb3clMjIlM0UlMEElMjAlMjAlM0NkaXYlMjBjbGFzcyUzRCUyMmNvbC00JTIwY29sLXNtLWF1dG8lMjBtbC1hdXRvJTIyJTNFJTBBJTIwJTIwJTIwJTIwJTNDYSUyMGhyZWYlM0QlMjclNUJhZGRfY2F0X2xpbmslMjBjYXRzJTNEJTIyYm9pcyUyMiU1RCUyNyUyMGNsYXNzJTNEJTI3dG9waGVhZGVyLWljb25zLWxpbmslMjclM0UlNUJhZGRfaW1nJTIwc3JjJTNEJTIyYm9pcy1pY29uLnBuZyUyMiUyMGNsYXNzJTNEJTIydG9waGVhZGVyLWljb25zLWltZyUyMiU1RCUzQ2RpdiUyMGNsYXNzJTNEJTI3dG9waGVhZGVyLWljb25zLWhvdmVyJTI3JTNFQm9pcyUzQyUyRmRpdiUzRSUzQyUyRmElM0UlMEElMjAlMjAlM0MlMkZkaXYlM0UlMEElMjAlMjAlM0NkaXYlMjBjbGFzcyUzRCUyMmNvbC00JTIwY29sLXNtLWF1dG8lMjIlM0UlMEElMjAlMjAlMjAlMjAlM0NhJTIwaHJlZiUzRCUyNyU1QmFkZF9jYXRfbGluayUyMGNhdHMlM0QlMjJlbGVjdHJpcXVlcyUyMiU1RCUyNyUyMGNsYXNzJTNEJTI3dG9waGVhZGVyLWljb25zLWxpbmslMjclM0UlNUJhZGRfaW1nJTIwc3JjJTNEJTIyZWxlY3RyaXF1ZS1pY29uLnBuZyUyMiUyMGNsYXNzJTNEJTIydG9waGVhZGVyLWljb25zLWltZyUyMiU1RCUzQ2RpdiUyMGNsYXNzJTNEJTI3dG9waGVhZGVyLWljb25zLWhvdmVyJTI3JTNFJUMzJTg5bGVjdHJpcXVlJTNDJTJGZGl2JTNFJTNDJTJGYSUzRSUwQSUyMCUyMCUzQyUyRmRpdiUzRSUwQSUyMCUyMCUzQ2RpdiUyMGNsYXNzJTNEJTIyY29sLTQlMjBjb2wtc20tYXV0byUyMG1yLWF1dG8lMjIlM0UlMEElMjAlMjAlMjAlMjAlM0NhJTIwaHJlZiUzRCUyNyU1QmFkZF9jYXRfbGluayUyMGNhdHMlM0QlMjJnYXolMjIlNUQlMjclMjBjbGFzcyUzRCUyN3RvcGhlYWRlci1pY29ucy1saW5rJTI3JTNFJTVCYWRkX2ltZyUyMHNyYyUzRCUyMmdhei1pY29uLnBuZyUyMiUyMGNsYXNzJTNEJTIydG9waGVhZGVyLWljb25zLWltZyUyMiU1RCUzQ2RpdiUyMGNsYXNzJTNEJTI3dG9waGVhZGVyLWljb25zLWhvdmVyJTI3JTNFR2F6JTNDJTJGZGl2JTNFJTNDJTJGYSUzRSUwQSUyMCUyMCUzQyUyRmRpdiUzRSUwQSUzQyUyRmRpdiUzRQ==[\/vc_raw_html][\/vc_column][\/vc_row][vc_row el_class=\u00a0\u00bbx-infinite promo-reference-home parralax-bg-video\u00a0\u00bb][vc_column width=\u00a0\u00bb5\/12&Prime;][vc_column_text el_class=\u00a0\u00bbpromo-home\u00a0\u00bb]<\/p>\n<h2><span style=\"color: #000000;\">Promos<\/span> en cours<\/h2>\n<p>Il est primordial pour nous de vous offrir les meilleurs produits et les prix les plus bas du march\u00e9. D\u00e9couvrez d\u00e8s maintenant les sp\u00e9ciaux que nous vous offrons!<\/p>\n<p><a href='https:\/\/foyerscadieux.com\/fr\/nos-promotions\/' class='btn contact red'>Consultez les promotions<\/a>[\/vc_column_text][\/vc_column][vc_column width=\u00a0\u00bb7\/12&Prime;][vc_raw_html el_class=\u00a0\u00bbr-semi-infinite reference-home\u00a0\u00bb]JTVCYWRkdGhpcyU1RA==[\/vc_raw_html][vc_column_text el_class=\u00a0\u00bbr-semi-infinite reference-home gray-corner\u00a0\u00bb]<\/p>\n<h1><span style=\"color: #000000;\">LA r\u00e9f\u00e9rence \u00e0 Gatineau et partout en Outaouais<\/span> pour votre po\u00eale \u00e0 granules ou foyer \u00e0 bois, au gaz ou \u00e9lectrique<\/h1>\n<p>Profitez des 40 ans d&rsquo;expertise de Foyers Cadieux pour les meilleurs conseils, adapt\u00e9s \u00e0 vos besoins personnels. Que ce soit pour des foyers et po\u00eales \u00e0 bois, au gaz et \u00e9lectriques, des fournaises \u00e9lectriques, un BBQ au propane, une cuisine ext\u00e9rieure, des foyers encastrables, des meubles foyers, ou tout autre produit de chauffage, visitez Foyers Cadieux pour un service fiable, rapide et courtois.<\/p>\n<a href='https:\/\/foyerscadieux.com\/fr\/nous-joindre\/' class='btn contact'>Contactez-nous<\/a>\n<p>[\/vc_column_text][\/vc_column][\/vc_row][vc_row el_class=\u00a0\u00bbinspiration-home x-infinite parralax-bg-video\u00a0\u00bb][vc_column][vc_raw_html]JTVCaW5zcGlyYXRpb25fc2xpZGVyJTVE[\/vc_raw_html][\/vc_column][\/vc_row][vc_row el_class=\u00a0\u00bbservice-home x-infinite parralax-bg-video\u00a0\u00bb][vc_column width=\u00a0\u00bb1\/2&Prime;][vc_raw_html el_class=\u00a0\u00bbtravailleur-home l-infinite d-none d-md-block\u00a0\u00bb]JTVCYWRkX2ltZyUyMHNyYyUzRCUyMnRyYXZhaWxsZXVyLWhvbWUucG5nJTIyJTIwY2xhc3MlM0QlMjJ0cmF2YWlsbGV1ci1ob21lLWltZyUyMiU1RCU1QmFkZF9pbWclMjBzcmMlM0QlMjJzZXJ2aWNlLXF1YWxpdGUucG5nJTIyJTIwY2xhc3MlM0QlMjJzZXJ2aWNlLXF1YWx0ZS1pbWclMjIlNUQ=[\/vc_raw_html][\/vc_column][vc_column width=\u00a0\u00bb1\/2&Prime;][vc_column_text el_class=\u00a0\u00bbservice-home-text\u00a0\u00bb]<span style=\"color: #000000;\">Au service de l\u2019environnement depuis 1974<\/span> Tous nos produits sont conformes aux normes environnementales!<\/p>\n<h2><span style=\"color: #000000;\">Faites confiance \u00e0 l&rsquo;expertise de l&rsquo;\u00e9quipe Foyers Cadieux<\/span> pour la vente et l&rsquo;installation de foyers, po\u00eales et BBQ<\/h2>\n<p>Depuis 1974, nous offrons aux r\u00e9sidents, contracteurs et entrepreneurs en sinistre de Gatineau les meilleurs services et produits disponibles, ainsi que les toutes derni\u00e8res technologies du march\u00e9.<\/p>\n<p>Notre \u00e9quipe de professionnels s\u2019assure de bien vous conseiller avant, pendant et apr\u00e8s l\u2019installation pour que vous puissiez profiter au maximum de votre achat.<\/p>\n<p><a href='https:\/\/foyerscadieux.com\/fr\/a-notre-sujet\/' class='btn contact red-fonce white-border'>En apprendre plus<\/a>[\/vc_column_text][\/vc_column][\/vc_row][vc_row el_class=\u00a0\u00bbhome-article x-infinite parralax-bg-video\u00a0\u00bb][vc_column][vc_column_text]<\/p>\n<h4><span style=\"color: #000000;\">Blogue :<\/span> D\u00e9couvrez les nouveaux articles<\/h4>\n<p>[\/vc_column_text][vc_raw_html]JTVCaG9tZV9hcnRpY2xlJTVE[\/vc_raw_html][\/vc_column][\/vc_row]<\/p>\n<\/div>","protected":false},"excerpt":{"rendered":"<p>[vc_row el_class=\u00a0\u00bbtopcontainer-home x-semi-infinite parralax-bg-video\u00a0\u00bb][vc_column][vc_raw_html]JTVCYWRkX3ZpZGVvX2JnJTIwc3JjJTNEJTIyZmlyZXBsYWNlLm1wNCUyMiU1RA==[\/vc_raw_html][vc_column_text] Foyers Cadieux Cr\u00e9ateurs d&rsquo;ambiance depuis 1974 [\/vc_column_text][vc_raw_html el_class=\u00a0\u00bbtopheader-icons-bg\u00a0\u00bb]JTNDZGl2JTIwY2xhc3MlM0QlMjJ0b3BoZWFkZXItaWNvbnMlMjByb3clMjIlM0UlMEElMjAlMjAlM0NkaXYlMjBjbGFzcyUzRCUyMmNvbC00JTIwY29sLXNtLWF1dG8lMjBtbC1hdXRvJTIyJTNFJTBBJTIwJTIwJTIwJTIwJTNDYSUyMGhyZWYlM0QlMjclNUJhZGRfY2F0X2xpbmslMjBjYXRzJTNEJTIyYm9pcyUyMiU1RCUyNyUyMGNsYXNzJTNEJTI3dG9waGVhZGVyLWljb25zLWxpbmslMjclM0UlNUJhZGRfaW1nJTIwc3JjJTNEJTIyYm9pcy1pY29uLnBuZyUyMiUyMGNsYXNzJTNEJTIydG9waGVhZGVyLWljb25zLWltZyUyMiU1RCUzQ2RpdiUyMGNsYXNzJTNEJTI3dG9waGVhZGVyLWljb25zLWhvdmVyJTI3JTNFQm9pcyUzQyUyRmRpdiUzRSUzQyUyRmElM0UlMEElMjAlMjAlM0MlMkZkaXYlM0UlMEElMjAlMjAlM0NkaXYlMjBjbGFzcyUzRCUyMmNvbC00JTIwY29sLXNtLWF1dG8lMjIlM0UlMEElMjAlMjAlMjAlMjAlM0NhJTIwaHJlZiUzRCUyNyU1QmFkZF9jYXRfbGluayUyMGNhdHMlM0QlMjJlbGVjdHJpcXVlcyUyMiU1RCUyNyUyMGNsYXNzJTNEJTI3dG9waGVhZGVyLWljb25zLWxpbmslMjclM0UlNUJhZGRfaW1nJTIwc3JjJTNEJTIyZWxlY3RyaXF1ZS1pY29uLnBuZyUyMiUyMGNsYXNzJTNEJTIydG9waGVhZGVyLWljb25zLWltZyUyMiU1RCUzQ2RpdiUyMGNsYXNzJTNEJTI3dG9waGVhZGVyLWljb25zLWhvdmVyJTI3JTNFJUMzJTg5bGVjdHJpcXVlJTNDJTJGZGl2JTNFJTNDJTJGYSUzRSUwQSUyMCUyMCUzQyUyRmRpdiUzRSUwQSUyMCUyMCUzQ2RpdiUyMGNsYXNzJTNEJTIyY29sLTQlMjBjb2wtc20tYXV0byUyMG1yLWF1dG8lMjIlM0UlMEElMjAlMjAlMjAlMjAlM0NhJTIwaHJlZiUzRCUyNyU1QmFkZF9jYXRfbGluayUyMGNhdHMlM0QlMjJnYXolMjIlNUQlMjclMjBjbGFzcyUzRCUyN3RvcGhlYWRlci1pY29ucy1saW5rJTI3JTNFJTVCYWRkX2ltZyUyMHNyYyUzRCUyMmdhei1pY29uLnBuZyUyMiUyMGNsYXNzJTNEJTIydG9waGVhZGVyLWljb25zLWltZyUyMiU1RCUzQ2RpdiUyMGNsYXNzJTNEJTI3dG9waGVhZGVyLWljb25zLWhvdmVyJTI3JTNFR2F6JTNDJTJGZGl2JTNFJTNDJTJGYSUzRSUwQSUyMCUyMCUzQyUyRmRpdiUzRSUwQSUzQyUyRmRpdiUzRQ==[\/vc_raw_html][\/vc_column][\/vc_row][vc_row el_class=\u00a0\u00bbx-infinite promo-reference-home parralax-bg-video\u00a0\u00bb][vc_column width=\u00a0\u00bb5\/12&Prime;][vc_column_text el_class=\u00a0\u00bbpromo-home\u00a0\u00bb] Promos en cours Il est primordial pour nous de vous offrir les meilleurs produits et les prix les plus bas du march\u00e9. <\/p>\n","protected":false},"author":1,"featured_media":0,"parent":0,"menu_order":0,"comment_status":"closed","ping_status":"open","template":"fullwidth.php","meta":{"_acf_changed":false,"footnotes":""},"class_list":["post-2","page","type-page","status-publish","hentry"],"acf":[],"yoast_head":"<!-- This site is optimized with the Yoast SEO plugin v27.2 - https:\/\/yoast.com\/product\/yoast-seo-wordpress\/ -->\n<title>Foyers Cadieux | Vente et installation de foyers, po\u00eales et BBQ \u00e0 Gatineau en Outaouais<\/title>\n<meta name=\"description\" content=\"Foyers Cadieux | Depuis 1974, nous sommes la r\u00e9f\u00e9rence pour les foyers \u00e0 bois, \u00e0 gaz ou \u00e9lectrique, les po\u00eales granules et les BBQ \u00e0 Gatineau en Outaouais.\" \/>\n<meta name=\"robots\" content=\"index, follow, max-snippet:-1, max-image-preview:large, max-video-preview:-1\" \/>\n<link rel=\"canonical\" href=\"https:\/\/foyerscadieux.com\/fr\/\" \/>\n<meta property=\"og:locale\" content=\"fr_FR\" \/>\n<meta property=\"og:type\" content=\"article\" \/>\n<meta property=\"og:title\" content=\"Foyers Cadieux | Vente et installation de foyers, po\u00eales et BBQ \u00e0 Gatineau en Outaouais\" \/>\n<meta property=\"og:description\" content=\"Foyers Cadieux | Depuis 1974, nous sommes la r\u00e9f\u00e9rence pour les foyers \u00e0 bois, \u00e0 gaz ou \u00e9lectrique, les po\u00eales granules et les BBQ \u00e0 Gatineau en Outaouais.\" \/>\n<meta property=\"og:url\" content=\"https:\/\/foyerscadieux.com\/fr\/\" \/>\n<meta property=\"og:site_name\" content=\"Foyers Cadieux\" \/>\n<meta property=\"article:modified_time\" content=\"2022-05-20T19:04:47+00:00\" \/>\n<meta name=\"twitter:card\" content=\"summary_large_image\" \/>\n<meta name=\"twitter:label1\" content=\"Dur\u00e9e de lecture estim\u00e9e\" \/>\n\t<meta name=\"twitter:data1\" content=\"3 minutes\" \/>\n<script type=\"application\/ld+json\" class=\"yoast-schema-graph\">{\"@context\":\"https:\/\/schema.org\",\"@graph\":[{\"@type\":\"WebPage\",\"@id\":\"https:\/\/foyerscadieux.com\/fr\/\",\"url\":\"https:\/\/foyerscadieux.com\/fr\/\",\"name\":\"Foyers Cadieux | Vente et installation de foyers, po\u00eales et BBQ \u00e0 Gatineau en Outaouais\",\"isPartOf\":{\"@id\":\"https:\/\/foyerscadieux.com\/fr\/#website\"},\"datePublished\":\"2016-05-10T03:48:21+00:00\",\"dateModified\":\"2022-05-20T19:04:47+00:00\",\"description\":\"Foyers Cadieux | Depuis 1974, nous sommes la r\u00e9f\u00e9rence pour les foyers \u00e0 bois, \u00e0 gaz ou \u00e9lectrique, les po\u00eales granules et les BBQ \u00e0 Gatineau en Outaouais.\",\"breadcrumb\":{\"@id\":\"https:\/\/foyerscadieux.com\/fr\/#breadcrumb\"},\"inLanguage\":\"fr-FR\",\"potentialAction\":[{\"@type\":\"ReadAction\",\"target\":[\"https:\/\/foyerscadieux.com\/fr\/\"]}]},{\"@type\":\"BreadcrumbList\",\"@id\":\"https:\/\/foyerscadieux.com\/fr\/#breadcrumb\",\"itemListElement\":[{\"@type\":\"ListItem\",\"position\":1,\"name\":\"Home\",\"item\":\"https:\/\/foyerscadieux.com\/fr\/\"},{\"@type\":\"ListItem\",\"position\":2,\"name\":\"Page d&#8217;accueil\"}]},{\"@type\":\"WebSite\",\"@id\":\"https:\/\/foyerscadieux.com\/fr\/#website\",\"url\":\"https:\/\/foyerscadieux.com\/fr\/\",\"name\":\"Foyers Cadieux\",\"description\":\"Foyers Cadieux\",\"potentialAction\":[{\"@type\":\"SearchAction\",\"target\":{\"@type\":\"EntryPoint\",\"urlTemplate\":\"https:\/\/foyerscadieux.com\/fr\/?s={search_term_string}\"},\"query-input\":{\"@type\":\"PropertyValueSpecification\",\"valueRequired\":true,\"valueName\":\"search_term_string\"}}],\"inLanguage\":\"fr-FR\"}]}<\/script>\n<!-- \/ Yoast SEO plugin. -->","yoast_head_json":{"title":"Foyers Cadieux | Vente et installation de foyers, po\u00eales et BBQ \u00e0 Gatineau en Outaouais","description":"Foyers Cadieux | Depuis 1974, nous sommes la r\u00e9f\u00e9rence pour les foyers \u00e0 bois, \u00e0 gaz ou \u00e9lectrique, les po\u00eales granules et les BBQ \u00e0 Gatineau en Outaouais.","robots":{"index":"index","follow":"follow","max-snippet":"max-snippet:-1","max-image-preview":"max-image-preview:large","max-video-preview":"max-video-preview:-1"},"canonical":"https:\/\/foyerscadieux.com\/fr\/","og_locale":"fr_FR","og_type":"article","og_title":"Foyers Cadieux | Vente et installation de foyers, po\u00eales et BBQ \u00e0 Gatineau en Outaouais","og_description":"Foyers Cadieux | Depuis 1974, nous sommes la r\u00e9f\u00e9rence pour les foyers \u00e0 bois, \u00e0 gaz ou \u00e9lectrique, les po\u00eales granules et les BBQ \u00e0 Gatineau en Outaouais.","og_url":"https:\/\/foyerscadieux.com\/fr\/","og_site_name":"Foyers Cadieux","article_modified_time":"2022-05-20T19:04:47+00:00","twitter_card":"summary_large_image","twitter_misc":{"Dur\u00e9e de lecture estim\u00e9e":"3 minutes"},"schema":{"@context":"https:\/\/schema.org","@graph":[{"@type":"WebPage","@id":"https:\/\/foyerscadieux.com\/fr\/","url":"https:\/\/foyerscadieux.com\/fr\/","name":"Foyers Cadieux | Vente et installation de foyers, po\u00eales et BBQ \u00e0 Gatineau en Outaouais","isPartOf":{"@id":"https:\/\/foyerscadieux.com\/fr\/#website"},"datePublished":"2016-05-10T03:48:21+00:00","dateModified":"2022-05-20T19:04:47+00:00","description":"Foyers Cadieux | Depuis 1974, nous sommes la r\u00e9f\u00e9rence pour les foyers \u00e0 bois, \u00e0 gaz ou \u00e9lectrique, les po\u00eales granules et les BBQ \u00e0 Gatineau en Outaouais.","breadcrumb":{"@id":"https:\/\/foyerscadieux.com\/fr\/#breadcrumb"},"inLanguage":"fr-FR","potentialAction":[{"@type":"ReadAction","target":["https:\/\/foyerscadieux.com\/fr\/"]}]},{"@type":"BreadcrumbList","@id":"https:\/\/foyerscadieux.com\/fr\/#breadcrumb","itemListElement":[{"@type":"ListItem","position":1,"name":"Home","item":"https:\/\/foyerscadieux.com\/fr\/"},{"@type":"ListItem","position":2,"name":"Page d&#8217;accueil"}]},{"@type":"WebSite","@id":"https:\/\/foyerscadieux.com\/fr\/#website","url":"https:\/\/foyerscadieux.com\/fr\/","name":"Foyers Cadieux","description":"Foyers Cadieux","potentialAction":[{"@type":"SearchAction","target":{"@type":"EntryPoint","urlTemplate":"https:\/\/foyerscadieux.com\/fr\/?s={search_term_string}"},"query-input":{"@type":"PropertyValueSpecification","valueRequired":true,"valueName":"search_term_string"}}],"inLanguage":"fr-FR"}]}},"_links":{"self":[{"href":"https:\/\/foyerscadieux.com\/fr\/wp-json\/wp\/v2\/pages\/2","targetHints":{"allow":["GET"]}}],"collection":[{"href":"https:\/\/foyerscadieux.com\/fr\/wp-json\/wp\/v2\/pages"}],"about":[{"href":"https:\/\/foyerscadieux.com\/fr\/wp-json\/wp\/v2\/types\/page"}],"author":[{"embeddable":true,"href":"https:\/\/foyerscadieux.com\/fr\/wp-json\/wp\/v2\/users\/1"}],"replies":[{"embeddable":true,"href":"https:\/\/foyerscadieux.com\/fr\/wp-json\/wp\/v2\/comments?post=2"}],"version-history":[{"count":0,"href":"https:\/\/foyerscadieux.com\/fr\/wp-json\/wp\/v2\/pages\/2\/revisions"}],"wp:attachment":[{"href":"https:\/\/foyerscadieux.com\/fr\/wp-json\/wp\/v2\/media?parent=2"}],"curies":[{"name":"wp","href":"https:\/\/api.w.org\/{rel}","templated":true}]}}